{"id":1230,"date":"2016-05-09T15:01:56","date_gmt":"2016-05-09T13:01:56","guid":{"rendered":"http:\/\/deutscher-kinderverein.de\/en\/?page_id=1230"},"modified":"2024-08-27T23:11:15","modified_gmt":"2024-08-27T21:11:15","slug":"carsten-sander","status":"publish","type":"page","link":"https:\/\/deutscher-kinderverein.de\/en\/carsten-sander\/","title":{"rendered":"Carsten Sander"},"content":{"rendered":"<div class=\"fusion-fullwidth fullwidth-box fusion-builder-row-1 hundred-percent-fullwidth non-hundred-percent-height-scrolling\" style=\"--awb-border-radius-top-left:0px;--awb-border-radius-top-right:0px;--awb-border-radius-bottom-right:0px;--awb-border-radius-bottom-left:0px;--awb-overflow:visible;--awb-flex-wrap:wrap;\" ><div class=\"fusion-builder-row fusion-row\"><div class=\"fusion-layout-column fusion_builder_column fusion-builder-column-0 fusion_builder_column_1_1 1_1 fusion-one-full fusion-column-first fusion-column-last\" style=\"--awb-bg-size:cover;--awb-margin-bottom:25px;\"><div class=\"fusion-column-wrapper fusion-flex-column-wrapper-legacy\"><div class=\"fusion-image-element in-legacy-container\" style=\"--awb-caption-title-font-family:var(--h2_typography-font-family);--awb-caption-title-font-weight:var(--h2_typography-font-weight);--awb-caption-title-font-style:var(--h2_typography-font-style);--awb-caption-title-size:var(--h2_typography-font-size);--awb-caption-title-transform:var(--h2_typography-text-transform);--awb-caption-title-line-height:var(--h2_typography-line-height);--awb-caption-title-letter-spacing:var(--h2_typography-letter-spacing);\"><span class=\" fusion-imageframe imageframe-none imageframe-1 hover-type-none\"><img decoding=\"async\" src=\"http:\/\/deutscher-kinderverein.de\/en\/wp-content\/uploads\/2016\/05\/sander-detail.jpg\" alt class=\"img-responsive\"\/><\/span><\/div><div class=\"fusion-clearfix\"><\/div><\/div><\/div><div class=\"fusion-layout-column fusion_builder_column fusion-builder-column-1 fusion_builder_column_1_1 1_1 fusion-one-full fusion-column-first fusion-column-last fusion-column-no-min-height\" style=\"--awb-bg-size:cover;--awb-margin-bottom:0px;\"><div class=\"fusion-column-wrapper fusion-flex-column-wrapper-legacy\"><div class=\"fusion-text fusion-text-1\"><\/div><div class=\"fusion-clearfix\"><\/div><\/div><\/div><div class=\"fusion-layout-column fusion_builder_column fusion-builder-column-2 fusion_builder_column_3_5 3_5 fusion-three-fifth fusion-column-first\" style=\"--awb-bg-size:cover;width:60%; margin-right: 4%;\"><div class=\"fusion-column-wrapper fusion-flex-column-wrapper-legacy\"><div class=\"fusion-text fusion-text-2\"><h4>Carsten Sander<\/h4>\n<p>Carsten Sander ist ein Meister der fotografischen Inszenierung. Mit Sensibilit\u00e4t und einer gro\u00dfen Portion Intuition kreiert Sander v\u00f6llig eigene Welten.<br \/>\nDas macht er stets mit dem Ziel, den einen perfekten Moment herauszusch\u00e4len: Das Portr\u00e4tbild schlechthin, frei von Raum und Zeit. Inneres nach Au\u00dfen kehren.<br \/>\nTechnische Virtuosit\u00e4t gepaart mit massiver inhaltlicher Kraft und \u00c4sthetik gelten seit Jahren als Sanders Markenzeichen.<br \/>\nNach Ausbildungsstationen bei verschiedenen international t\u00e4tigen Fotografen arbeitete er zun\u00e4chst freiberuflich f\u00fcr Magazine wie den &#8222;Stern&#8220;, bevor er sich mit zahlreichen Ausstellungen in der Kunstwelt etablierte. Carsten Sander lebt und arbeitet in Berlin und D\u00fcsseldorf.<\/p>\n<\/div><div class=\"fusion-clearfix\"><\/div><\/div><\/div><div class=\"fusion-layout-column fusion_builder_column fusion-builder-column-3 fusion_builder_column_2_5 2_5 fusion-two-fifth fusion-column-last\" style=\"--awb-padding-top:15px;--awb-padding-right:15px;--awb-padding-bottom:15px;--awb-padding-left:15px;--awb-bg-color:#e3e3e3;--awb-bg-color-hover:#e3e3e3;--awb-bg-size:cover;--awb-border-color:#cd1515;--awb-border-top:5px;--awb-border-style:solid;width:40%;\"><div class=\"fusion-column-wrapper fusion-flex-column-wrapper-legacy\"><div class=\"fusion-text fusion-text-3\"><p><em>&#8222;Ich w\u00fcrde mich freuen, wenn man diese zarten Wesen mit Liebe und Respekt behandeln w\u00fcrde. Dann wird unsere Gesellschaft auch eine sch\u00f6ne Zukunft haben.&#8220;<\/em><\/p>\n<\/div><div class=\"fusion-clearfix\"><\/div><\/div><\/div><div class=\"fusion-layout-column fusion_builder_column fusion-builder-column-4 fusion_builder_column_1_1 1_1 fusion-one-full fusion-column-first fusion-column-last fusion-column-no-min-height\" style=\"--awb-bg-size:cover;--awb-margin-bottom:0px;\"><div class=\"fusion-column-wrapper fusion-flex-column-wrapper-legacy\"><div class=\"fusion-text fusion-text-4\"><\/div><div class=\"fusion-clearfix\"><\/div><\/div><\/div><\/div><\/div>\n","protected":false},"excerpt":{"rendered":"","protected":false},"author":1,"featured_media":0,"parent":0,"menu_order":0,"comment_status":"closed","ping_status":"closed","template":"","meta":{"footnotes":""},"class_list":["post-1230","page","type-page","status-publish","hentry"],"_links":{"self":[{"href":"https:\/\/deutscher-kinderverein.de\/en\/wp-json\/wp\/v2\/pages\/1230","targetHints":{"allow":["GET"]}}],"collection":[{"href":"https:\/\/deutscher-kinderverein.de\/en\/wp-json\/wp\/v2\/pages"}],"about":[{"href":"https:\/\/deutscher-kinderverein.de\/en\/wp-json\/wp\/v2\/types\/page"}],"author":[{"embeddable":true,"href":"https:\/\/deutscher-kinderverein.de\/en\/wp-json\/wp\/v2\/users\/1"}],"replies":[{"embeddable":true,"href":"https:\/\/deutscher-kinderverein.de\/en\/wp-json\/wp\/v2\/comments?post=1230"}],"version-history":[{"count":0,"href":"https:\/\/deutscher-kinderverein.de\/en\/wp-json\/wp\/v2\/pages\/1230\/revisions"}],"wp:attachment":[{"href":"https:\/\/deutscher-kinderverein.de\/en\/wp-json\/wp\/v2\/media?parent=1230"}],"curies":[{"name":"wp","href":"https:\/\/api.w.org\/{rel}","templated":true}]}}