{"id":1226,"date":"2016-05-09T14:59:11","date_gmt":"2016-05-09T12:59:11","guid":{"rendered":"http:\/\/deutscher-kinderverein.de\/en\/?page_id=1226"},"modified":"2024-08-27T23:11:15","modified_gmt":"2024-08-27T21:11:15","slug":"max-mutzke","status":"publish","type":"page","link":"https:\/\/deutscher-kinderverein.de\/en\/max-mutzke\/","title":{"rendered":"Max Mutzke"},"content":{"rendered":"<div class=\"fusion-fullwidth fullwidth-box fusion-builder-row-1 hundred-percent-fullwidth non-hundred-percent-height-scrolling\" style=\"--awb-border-radius-top-left:0px;--awb-border-radius-top-right:0px;--awb-border-radius-bottom-right:0px;--awb-border-radius-bottom-left:0px;--awb-overflow:visible;--awb-flex-wrap:wrap;\" ><div class=\"fusion-builder-row fusion-row\"><div class=\"fusion-layout-column fusion_builder_column fusion-builder-column-0 fusion_builder_column_1_1 1_1 fusion-one-full fusion-column-first fusion-column-last\" style=\"--awb-bg-size:cover;--awb-margin-bottom:25px;\"><div class=\"fusion-column-wrapper fusion-flex-column-wrapper-legacy\"><div class=\"fusion-image-element in-legacy-container\" style=\"--awb-caption-title-font-family:var(--h2_typography-font-family);--awb-caption-title-font-weight:var(--h2_typography-font-weight);--awb-caption-title-font-style:var(--h2_typography-font-style);--awb-caption-title-size:var(--h2_typography-font-size);--awb-caption-title-transform:var(--h2_typography-text-transform);--awb-caption-title-line-height:var(--h2_typography-line-height);--awb-caption-title-letter-spacing:var(--h2_typography-letter-spacing);\"><span class=\" fusion-imageframe imageframe-none imageframe-1 hover-type-none\"><img decoding=\"async\" src=\"http:\/\/deutscher-kinderverein.de\/en\/wp-content\/uploads\/2016\/05\/mutzke-detail.png\" alt class=\"img-responsive\"\/><\/span><\/div><div class=\"fusion-clearfix\"><\/div><\/div><\/div><div class=\"fusion-layout-column fusion_builder_column fusion-builder-column-1 fusion_builder_column_1_1 1_1 fusion-one-full fusion-column-first fusion-column-last fusion-column-no-min-height\" style=\"--awb-bg-size:cover;--awb-margin-bottom:0px;\"><div class=\"fusion-column-wrapper fusion-flex-column-wrapper-legacy\"><div class=\"fusion-text fusion-text-1\"><\/div><div class=\"fusion-clearfix\"><\/div><\/div><\/div><div class=\"fusion-layout-column fusion_builder_column fusion-builder-column-2 fusion_builder_column_3_5 3_5 fusion-three-fifth fusion-column-first\" style=\"--awb-bg-size:cover;width:60%; margin-right: 4%;\"><div class=\"fusion-column-wrapper fusion-flex-column-wrapper-legacy\"><div class=\"fusion-text fusion-text-2\"><h4>Max Mutzke<\/h4>\n<p>Entdeckt von Talentsucher Stefan Raab f\u00fcr den Eurovision Song Contest 2004 ist Mutzke heute als vielseitiger K\u00fcnstler eine feste Gr\u00f6\u00dfe in der deutschen Musiklandschaft.<\/p>\n<p>\u201eIch habe viele kleine bunte und bezaubernde Kinder. F\u00fcr sie mache ich alles. Dass es ihnen gut geht, dass sie sich verstanden, geliebt und unersetzbar f\u00fchlen ist mir das Wichtigste\u201c, beschreibt Max Mutzke sein Vatersein. Aber auch er wei\u00df, dass es nicht allen Kindern gut geht. \u201eDass es Menschen gibt die dieses Selbstverst\u00e4ndnis nicht tragen, die ihre Kinder misshandeln, brechen und zerst\u00f6ren, das macht mich w\u00fctend und unendlich traurig.\u201c Jeden Tag werden zw\u00f6lf Kinder krankenhausreif geschlagen, fast jeden dritten Tag stirbt ein Kind in Deutschland an den Folgen von Misshandlung. \u00dcberlastete oder desinteressierte Beh\u00f6rden und fehlende Standards in der privaten und \u00f6ffentlichen Jugendarbeit prangert der Kinderverein immer wieder an und fordert die Verankerung von Kinderrechten im Grundgesetz.<\/p>\n<p>\u201eIch bitte euch: \u00fcbernehmt Verantwortung &#8211; nicht nur f\u00fcr eure eigenen Kinder\u201c, lautet der eindringliche Appell von Max Mutzke.<\/p>\n<\/div><div class=\"fusion-clearfix\"><\/div><\/div><\/div><div class=\"fusion-layout-column fusion_builder_column fusion-builder-column-3 fusion_builder_column_2_5 2_5 fusion-two-fifth fusion-column-last\" style=\"--awb-padding-top:15px;--awb-padding-right:15px;--awb-padding-bottom:15px;--awb-padding-left:15px;--awb-bg-color:#e3e3e3;--awb-bg-color-hover:#e3e3e3;--awb-bg-size:cover;--awb-border-color:#cd1515;--awb-border-top:5px;--awb-border-style:solid;width:40%;\"><div class=\"fusion-column-wrapper fusion-flex-column-wrapper-legacy\"><div class=\"fusion-text fusion-text-3\"><p><em>&#8222;Ich habe viele kleine bunte und bezaubernde Kinder. F\u00fcr sie mache ich alles. Dass es ihnen gut geht, dass sie sich verstanden, geliebt und f\u00fcr unersetzbar f\u00fchlen ist mir das Wichtigste. Ihnen bedingungslose Liebe zu schenken ist f\u00fcr mich so selbstverst\u00e4ndlich wie zu atmen. Dass es aber dennoch Menschen gibt die dieses Selbstverst\u00e4ndnis nicht tragen, die ihre Kinder misshandeln, brechen und zerst\u00f6ren, das macht mich fassungslos, w\u00fctend und unendlich traurig.<br \/>\nIch bitte euch: \u00fcbernehmt Verantwortung! Nicht nur f\u00fcr eure eigenen Kinder.&#8220;<\/em><\/p>\n<\/div><div class=\"fusion-clearfix\"><\/div><\/div><\/div><div class=\"fusion-layout-column fusion_builder_column fusion-builder-column-4 fusion_builder_column_1_1 1_1 fusion-one-full fusion-column-first fusion-column-last fusion-column-no-min-height\" style=\"--awb-bg-size:cover;--awb-margin-bottom:0px;\"><div class=\"fusion-column-wrapper fusion-flex-column-wrapper-legacy\"><div class=\"fusion-text fusion-text-4\"><\/div><div class=\"fusion-clearfix\"><\/div><\/div><\/div><\/div><\/div>\n","protected":false},"excerpt":{"rendered":"","protected":false},"author":1,"featured_media":0,"parent":0,"menu_order":0,"comment_status":"closed","ping_status":"closed","template":"","meta":{"footnotes":""},"class_list":["post-1226","page","type-page","status-publish","hentry"],"_links":{"self":[{"href":"https:\/\/deutscher-kinderverein.de\/en\/wp-json\/wp\/v2\/pages\/1226","targetHints":{"allow":["GET"]}}],"collection":[{"href":"https:\/\/deutscher-kinderverein.de\/en\/wp-json\/wp\/v2\/pages"}],"about":[{"href":"https:\/\/deutscher-kinderverein.de\/en\/wp-json\/wp\/v2\/types\/page"}],"author":[{"embeddable":true,"href":"https:\/\/deutscher-kinderverein.de\/en\/wp-json\/wp\/v2\/users\/1"}],"replies":[{"embeddable":true,"href":"https:\/\/deutscher-kinderverein.de\/en\/wp-json\/wp\/v2\/comments?post=1226"}],"version-history":[{"count":0,"href":"https:\/\/deutscher-kinderverein.de\/en\/wp-json\/wp\/v2\/pages\/1226\/revisions"}],"wp:attachment":[{"href":"https:\/\/deutscher-kinderverein.de\/en\/wp-json\/wp\/v2\/media?parent=1226"}],"curies":[{"name":"wp","href":"https:\/\/api.w.org\/{rel}","templated":true}]}}