{"id":1218,"date":"2016-05-09T14:51:55","date_gmt":"2016-05-09T12:51:55","guid":{"rendered":"http:\/\/deutscher-kinderverein.de\/en\/?page_id=1218"},"modified":"2024-08-27T23:11:15","modified_gmt":"2024-08-27T21:11:15","slug":"andreas-bourani","status":"publish","type":"page","link":"https:\/\/deutscher-kinderverein.de\/en\/andreas-bourani\/","title":{"rendered":"Andreas Bourani"},"content":{"rendered":"<div class=\"fusion-fullwidth fullwidth-box fusion-builder-row-1 hundred-percent-fullwidth non-hundred-percent-height-scrolling\" style=\"--awb-border-radius-top-left:0px;--awb-border-radius-top-right:0px;--awb-border-radius-bottom-right:0px;--awb-border-radius-bottom-left:0px;--awb-overflow:visible;--awb-flex-wrap:wrap;\" ><div class=\"fusion-builder-row fusion-row\"><div class=\"fusion-layout-column fusion_builder_column fusion-builder-column-0 fusion_builder_column_1_1 1_1 fusion-one-full fusion-column-first fusion-column-last fusion-column-no-min-height\" style=\"--awb-bg-size:cover;--awb-margin-bottom:0px;\"><div class=\"fusion-column-wrapper fusion-flex-column-wrapper-legacy\"><div class=\"fusion-text fusion-text-1\"><\/div><div class=\"fusion-clearfix\"><\/div><\/div><\/div><div class=\"fusion-layout-column fusion_builder_column fusion-builder-column-1 fusion_builder_column_1_1 1_1 fusion-one-full fusion-column-first fusion-column-last\" style=\"--awb-bg-size:cover;--awb-margin-bottom:25px;\"><div class=\"fusion-column-wrapper fusion-flex-column-wrapper-legacy\"><div class=\"fusion-image-element in-legacy-container\" style=\"--awb-caption-title-font-family:var(--h2_typography-font-family);--awb-caption-title-font-weight:var(--h2_typography-font-weight);--awb-caption-title-font-style:var(--h2_typography-font-style);--awb-caption-title-size:var(--h2_typography-font-size);--awb-caption-title-transform:var(--h2_typography-text-transform);--awb-caption-title-line-height:var(--h2_typography-line-height);--awb-caption-title-letter-spacing:var(--h2_typography-letter-spacing);\"><span class=\" fusion-imageframe imageframe-none imageframe-1 hover-type-none\"><img decoding=\"async\" src=\"http:\/\/deutscher-kinderverein.de\/en\/wp-content\/uploads\/2016\/05\/bourani-2.jpg\" alt class=\"img-responsive\"\/><\/span><\/div><div class=\"fusion-clearfix\"><\/div><\/div><\/div><div class=\"fusion-layout-column fusion_builder_column fusion-builder-column-2 fusion_builder_column_3_5 3_5 fusion-three-fifth fusion-column-first\" style=\"--awb-bg-size:cover;width:60%; margin-right: 4%;\"><div class=\"fusion-column-wrapper fusion-flex-column-wrapper-legacy\"><div class=\"fusion-text fusion-text-2\"><h4>Andreas Bourani<\/h4>\n<p>&#8222;Auf uns&#8220; \u2013 die ganze Nation sang 2014 die Hit-Single von Andreas Bourani mit, als Deutschland Weltmeister wurde. Der Erfolg kr\u00f6nte die bisher einzigartige Karriere des Musikers und Liedermachers, der bereits als Kind an einem musischen Gymnasium und als Sch\u00fcler einer Musikschule die Weichen f\u00fcr ein Leben als Musiker stellte.<br \/>\n2010 erhielt er einen Plattenvertrag bei Universal Music und ver\u00f6ffentlichte zwei Alben. &#8222;Auf uns&#8220; wurde 2015 mit einem Echo ausgezeichnet, Bouranis Stimme ist mittlerweile aus dem deutschen Radio und Fernsehen nicht mehr wegzudenken.<\/p>\n<p>&#8222;Ich habe gemerkt, dass Zur\u00fcckblicken f\u00fcr mich nichts bringt. Ich glaube, ich habe es geschafft, mich von vielem Ballast zu l\u00f6sen. Wir jagen st\u00e4ndig so vielem nach. Wir wollen Besitzen, egal ob es sich um Dinge oder Menschen handelt. Dabei merken wir nicht, wie sehr der Besitz uns immer mehr einengt. Aber wenn wir dann mal entr\u00fcmpelt haben, dann wundern wir uns, wie wenig man wirklich braucht, um gl\u00fccklich zu sein. Das ist unglaublich befreiend. Nicht umsonst stecken in dem Wort Bewusstsein die beiden Worte Bewusst und Sein. Ich kann heute gut auf einem Berg stehen und einfach nur Dankbarkeit f\u00fcr die Sch\u00f6nheit und das Leben empfinden.&#8220;<\/p>\n<p>F\u00fcr viele Kinder in Deutschland ist selbst ein klein wenig Gl\u00fcck heute noch immer unerreichbar. Deshalb m\u00f6chte sich Andreas Bourani gemeinsam mit dem Deutschen Kinderverein Essen e.V. gegen die Misshandlung von Kindern und f\u00fcr Kinderrechte engagieren. &#8222;Dass Kinder krankenhausreif geschlagen werden, dass jeden zweiten Tag ein Kind in Deutschland an den Folgen seiner Misshandlung stirbt, macht mich fassungslos. Bitte helfen Sie mit und verschlie\u00dfen Sie nicht die Augen vor Kindesmisshandlung&#8220;, sagt der neue Botschafter des Vereins. In den H\u00e4nden aller Kinder liegt unsere Zukunft, sie sind die Schutzbed\u00fcrftigsten unserer Gesellschaft. Wenn eine Kinderseele zerbricht, zerbricht gleichzeitig ein St\u00fcck Zukunft, so Andreas Bourani weiter.<\/p>\n<\/div><div class=\"fusion-clearfix\"><\/div><\/div><\/div><div class=\"fusion-layout-column fusion_builder_column fusion-builder-column-3 fusion_builder_column_2_5 2_5 fusion-two-fifth fusion-column-last\" style=\"--awb-padding-top:15px;--awb-padding-right:15px;--awb-padding-bottom:15px;--awb-padding-left:15px;--awb-bg-color:#e3e3e3;--awb-bg-color-hover:#e3e3e3;--awb-bg-size:cover;--awb-border-color:#cd1515;--awb-border-top:5px;--awb-border-style:solid;width:40%;\"><div class=\"fusion-column-wrapper fusion-flex-column-wrapper-legacy\"><div class=\"fusion-text fusion-text-3\"><p><em>\u201eDass Kinder krankenhausreif geschlagen werden, dass jeden dritten Tag ein Kind in Deutschland an den Folgen seiner Misshandlung stirbt, macht mich fassungslos. Bitte helfen Sie mit und verschlie\u00dfen Sie nicht die Augen vor Kindesmisshandlung. In den H\u00e4nden aller Kinder liegt unsere Zukunft, sie sind die Schutzbed\u00fcrftigsten unserer Gesellschaft. Wenn eine Kinderseele zerbricht, zerbricht gleichzeitig ein St\u00fcck Zukunft.\u201c<\/em><\/p>\n<\/div><div class=\"fusion-clearfix\"><\/div><\/div><\/div><div class=\"fusion-layout-column fusion_builder_column fusion-builder-column-4 fusion_builder_column_1_1 1_1 fusion-one-full fusion-column-first fusion-column-last fusion-column-no-min-height\" style=\"--awb-bg-size:cover;--awb-margin-bottom:0px;\"><div class=\"fusion-column-wrapper fusion-flex-column-wrapper-legacy\"><div class=\"fusion-text fusion-text-4\"><\/div><div class=\"fusion-clearfix\"><\/div><\/div><\/div><\/div><\/div>\n","protected":false},"excerpt":{"rendered":"","protected":false},"author":1,"featured_media":0,"parent":0,"menu_order":0,"comment_status":"closed","ping_status":"closed","template":"","meta":{"footnotes":""},"class_list":["post-1218","page","type-page","status-publish","hentry"],"_links":{"self":[{"href":"https:\/\/deutscher-kinderverein.de\/en\/wp-json\/wp\/v2\/pages\/1218","targetHints":{"allow":["GET"]}}],"collection":[{"href":"https:\/\/deutscher-kinderverein.de\/en\/wp-json\/wp\/v2\/pages"}],"about":[{"href":"https:\/\/deutscher-kinderverein.de\/en\/wp-json\/wp\/v2\/types\/page"}],"author":[{"embeddable":true,"href":"https:\/\/deutscher-kinderverein.de\/en\/wp-json\/wp\/v2\/users\/1"}],"replies":[{"embeddable":true,"href":"https:\/\/deutscher-kinderverein.de\/en\/wp-json\/wp\/v2\/comments?post=1218"}],"version-history":[{"count":0,"href":"https:\/\/deutscher-kinderverein.de\/en\/wp-json\/wp\/v2\/pages\/1218\/revisions"}],"wp:attachment":[{"href":"https:\/\/deutscher-kinderverein.de\/en\/wp-json\/wp\/v2\/media?parent=1218"}],"curies":[{"name":"wp","href":"https:\/\/api.w.org\/{rel}","templated":true}]}}